{"id":814,"date":"2023-10-08T20:19:07","date_gmt":"2023-10-08T18:19:07","guid":{"rendered":"http:\/\/giorgiagraziadio.be\/?page_id=814"},"modified":"2024-10-30T10:31:15","modified_gmt":"2024-10-30T09:31:15","slug":"chi-sono","status":"publish","type":"page","link":"http:\/\/giorgiagraziadio.be\/?page_id=814","title":{"rendered":"In Italiano"},"content":{"rendered":"\n<p><\/p>\n\n\n\n<p class=\"has-text-align-center has-text-color\" style=\"color:#869ba8\">Un testo che riassume bene la mia pratica e il modo in cui cerco di complicare il mio pensiero clinico:<\/p>\n\n\n\n<p class=\"has-text-align-center has-text-color\" style=\"color:#869ba8\">&#8220;Se si \u00e8 preoccupati per lo scricchiolio delle pareti dello chalet in cui vivi, una soluzione \u00e8 tenere costantemente della musica in sottofondo per dimenticarsi di questi rumori ed astenersi dall&#8217;acquistare mobili pesanti. \u00c8 un atteggiamento perfettamente legittimo che pu\u00f2 risultare sufficientemente efficace. Un&#8217;altra soluzione pi\u00f9 ardita \u00e8 quella di togliere le assi che ricoprono le pareti dello chalet e verificare lo stato dell&#8217;infisso. Si tratta di un&#8217;operazione non priva di rischi. L&#8217;infisso pu\u00f2 sicuramente essere perfettamente sano. Si potr\u00e0 allora comprare il \u200b\u200bpianoforte a coda che si sognava e dormire tranquilli. Ma le travi possono anche rivelarsi cos\u00ec mangiate dalle termiti che reggono per miracolo. Il male minore sar\u00e0 allora chiamare la ruspa e radere al suolo la casa. Siete pronti ad accogliere le buone, ma anche le brutte sorprese?&#8221; (P.Caill\u00e9)<\/p>\n\n\n\n<p class=\"has-text-align-center has-text-color\" style=\"color:#869ba8\">&#8212;&#8212;&#8212;&#8212;&#8212;&#8212;&#8212;&#8212;&#8212;&#8212;&#8212;&#8212;&#8212;&#8212;&#8212;&#8212;&#8212;&#8212;&#8212;&#8212;&#8212;&#8212;&#8212;&#8212;&#8212;&#8212;&#8212;&#8212;&#8212;&#8212;&#8212;&#8212;&#8212;&#8212;&#8211;<\/p>\n\n\n\n<p class=\"has-text-align-center has-text-color\" style=\"color:#869ba8\">Filosofa e psicologa clinica di formazione, propongo un accompagnamento individuale, di coppia e familiare alla ricerca di strumenti, di risorse e di complessit\u00e0. Sono arrivata alla conclusione che non sono esperta di nulla, non ne so pi\u00f9 di chi ho di fronte, sono un orecchio che ascolta, a volte posso essere uno specchio , posso anche essere un traduttore, ma non sono un esperto: so di non sapere e di non poter curare le persone. Invece, posso mostrare le cose sotto un&#8217;altra forma, posso aiutare a tradurre in parole ci\u00f2 che si sente (emozioni, impressioni, sentimenti, ecc.) e posso condividere ci\u00f2 che l&#8217;esperienza della mia pratica mi ha insegnato.<\/p>\n\n\n\n<p class=\"has-text-align-center has-text-color\" style=\"color:#869ba8\">La mia visione del supporto psicoterapeutico \u00e8 cambiata nel tempo. Dopo una lunga riflessione sulla mia posizione di terapeuta, nell&#8217;ambito di una seconda formazione in psicoterapia familiare sistemica, ho capito che volevo lavorare pi\u00f9 sul \u201cperch\u00e9\u201d che sul \u201ccome\u201d. Riassumendo il mio modo di lavorare direi che: non cambio le persone, non le riparo, ma do loro la possibilit\u00e0 di raccontare le loro storie e mi prendo cura della storia di ognuno, affinch\u00e9 possano accettarla, vederla diversamente e trovare le risorse per (eventualmente) modificarne il finale.<\/p>\n\n\n\n<p class=\"has-text-align-center has-text-color\" style=\"color:#869ba8\">Non qualificandomi un&#8217; &#8220;esperta&#8221;, non sono nemmeno \u201cspecializzata\u201d in qualcosa in particolare, ma ecco le situazioni che si presentano pi\u00f9 spesso nel mio studio: lutto, depressione, burnout, traumi (legati a: incesto, violenza, stupro, perversione narcisistica,&#8230;), situazioni legate a manipolazioni di gruppi settari, coppie e famiglie.<\/p>\n\n\n\n<p class=\"has-text-align-center has-text-color\" style=\"color:#869ba8\">Per chi: adulti (&gt;18 anni), coppie, famiglie<\/p>\n\n\n\n<p class=\"has-text-align-center has-text-color\" style=\"color:#869ba8\">In quale lingua: francese, italiano<\/p>\n\n\n\n<p class=\"has-text-color has-link-color wp-elements-eea90dd9853138f179b45023b2ca9244\" style=\"color:#869ba8\">In quale formato: in presenza i marted\u00ec pomeriggio, in video-consultazione secondo disponibilit\u00e0<\/p>\n\n\n\n<p><\/p>\n","protected":false},"excerpt":{"rendered":"<p>Un testo che riassume bene la mia pratica e il modo in cui cerco di complicare il mio pensiero clinico: &#8220;Se si \u00e8 preoccupati per lo scricchiolio delle pareti dello chalet in cui vivi, una soluzione \u00e8 tenere costantemente della musica in sottofondo per dimenticarsi di questi rumori ed astenersi dall&#8217;acquistare mobili pesanti. \u00c8 un [&hellip;]<\/p>\n","protected":false},"author":1,"featured_media":0,"parent":0,"menu_order":0,"comment_status":"closed","ping_status":"closed","template":"","meta":{"footnotes":""},"class_list":["post-814","page","type-page","status-publish","hentry"],"_links":{"self":[{"href":"http:\/\/giorgiagraziadio.be\/index.php?rest_route=\/wp\/v2\/pages\/814"}],"collection":[{"href":"http:\/\/giorgiagraziadio.be\/index.php?rest_route=\/wp\/v2\/pages"}],"about":[{"href":"http:\/\/giorgiagraziadio.be\/index.php?rest_route=\/wp\/v2\/types\/page"}],"author":[{"embeddable":true,"href":"http:\/\/giorgiagraziadio.be\/index.php?rest_route=\/wp\/v2\/users\/1"}],"replies":[{"embeddable":true,"href":"http:\/\/giorgiagraziadio.be\/index.php?rest_route=%2Fwp%2Fv2%2Fcomments&post=814"}],"version-history":[{"count":10,"href":"http:\/\/giorgiagraziadio.be\/index.php?rest_route=\/wp\/v2\/pages\/814\/revisions"}],"predecessor-version":[{"id":926,"href":"http:\/\/giorgiagraziadio.be\/index.php?rest_route=\/wp\/v2\/pages\/814\/revisions\/926"}],"wp:attachment":[{"href":"http:\/\/giorgiagraziadio.be\/index.php?rest_route=%2Fwp%2Fv2%2Fmedia&parent=814"}],"curies":[{"name":"wp","href":"https:\/\/api.w.org\/{rel}","templated":true}]}}